{"id":4903,"date":"2021-12-01T15:55:12","date_gmt":"2021-12-01T14:55:12","guid":{"rendered":"https:\/\/vidone.de\/nadruk\/"},"modified":"2025-06-23T08:52:20","modified_gmt":"2025-06-23T06:52:20","slug":"nadruk","status":"publish","type":"page","link":"https:\/\/vidone.at\/pl\/nadruk\/","title":{"rendered":"Nadruk"},"content":{"rendered":"\t\t<div data-elementor-type=\"wp-page\" data-elementor-id=\"4903\" class=\"elementor elementor-4903 elementor-438\" data-elementor-post-type=\"page\">\n\t\t\t\t\t\t<section class=\"elementor-section elementor-top-section elementor-element elementor-element-54e0d18 elementor-section-boxed elementor-section-height-default elementor-section-height-default\" data-id=\"54e0d18\" data-element_type=\"section\" data-e-type=\"section\" data-settings=\"{&quot;background_background&quot;:&quot;gradient&quot;}\">\n\t\t\t\t\t\t<div class=\"elementor-container elementor-column-gap-default\">\n\t\t\t\t\t<div class=\"elementor-column elementor-col-100 elementor-top-column elementor-element elementor-element-1430504\" data-id=\"1430504\" data-element_type=\"column\" data-e-type=\"column\">\n\t\t\t<div class=\"elementor-widget-wrap elementor-element-populated\">\n\t\t\t\t\t\t<div class=\"elementor-element elementor-element-b59ecde elementor-widget elementor-widget-heading\" data-id=\"b59ecde\" data-element_type=\"widget\" data-e-type=\"widget\" data-widget_type=\"heading.default\">\n\t\t\t\t\t<h1 class=\"elementor-heading-title elementor-size-default\">Nadruk<\/h1>\t\t\t\t<\/div>\n\t\t\t\t\t<\/div>\n\t\t<\/div>\n\t\t\t\t\t<\/div>\n\t\t<\/section>\n\t\t\t\t<section class=\"elementor-section elementor-top-section elementor-element elementor-element-7ded413 elementor-reverse-mobile elementor-section-boxed elementor-section-height-default elementor-section-height-default\" data-id=\"7ded413\" data-element_type=\"section\" data-e-type=\"section\">\n\t\t\t\t\t\t<div class=\"elementor-container elementor-column-gap-default\">\n\t\t\t\t\t<div class=\"elementor-column elementor-col-100 elementor-top-column elementor-element elementor-element-87d5ede\" data-id=\"87d5ede\" data-element_type=\"column\" data-e-type=\"column\">\n\t\t\t<div class=\"elementor-widget-wrap elementor-element-populated\">\n\t\t\t\t\t\t<div class=\"elementor-element elementor-element-2aa8f5a elementor-widget elementor-widget-heading\" data-id=\"2aa8f5a\" data-element_type=\"widget\" data-e-type=\"widget\" data-widget_type=\"heading.default\">\n\t\t\t\t\t<h2 class=\"elementor-heading-title elementor-size-default\">vidone GmbH<\/h2>\t\t\t\t<\/div>\n\t\t\t\t<div class=\"elementor-element elementor-element-b46ebc3 elementor-widget elementor-widget-text-editor\" data-id=\"b46ebc3\" data-element_type=\"widget\" data-e-type=\"widget\" data-widget_type=\"text-editor.default\">\n\t\t\t\t\t\t\t\t\tMindelheimer Stra\u00dfe 8<br>6130 Schwaz<br>AUSTRIA\t\t\t\t\t\t\t\t<\/div>\n\t\t\t\t<div class=\"elementor-element elementor-element-d379f09 elementor-widget elementor-widget-text-editor\" data-id=\"d379f09\" data-element_type=\"widget\" data-e-type=\"widget\" data-widget_type=\"text-editor.default\">\n\t\t\t\t\t\t\t\t\t<p>reprezentowany przez: Andreas Jenewein (Dyrektor Zarz\u0105dzaj\u0105cy)<\/p>\t\t\t\t\t\t\t\t<\/div>\n\t\t\t\t<div class=\"elementor-element elementor-element-677f800 elementor-widget elementor-widget-text-editor\" data-id=\"677f800\" data-element_type=\"widget\" data-e-type=\"widget\" data-widget_type=\"text-editor.default\">\n\t\t\t\t\t\t\t\t\t<p>Telefon: AT<span class=\"apple-converted-space\"> <\/span><a href=\"tel:+43524224555\">+43<\/a> <a href=\"tel:00498969313206\">(0<\/a>)5242 24 555<span class=\"apple-converted-space\"> | <\/span> DE +49 (0)89 693 132 06<br>Email: <a href=\"mailto:office@vidone.at\">office@vidone.at<\/a><br>URL: www.vidone.at<\/p>\t\t\t\t\t\t\t\t<\/div>\n\t\t\t\t<div class=\"elementor-element elementor-element-e2b777e elementor-widget elementor-widget-text-editor\" data-id=\"e2b777e\" data-element_type=\"widget\" data-e-type=\"widget\" data-widget_type=\"text-editor.default\">\n\t\t\t\t\t\t\t\t\tNumer rejestracyjny firmy: 654275w LG Innsbruck <br>Numer GISA: 38454899 <br>W\u0142adze: W\u0142adze okr\u0119gowe Schwaz\t\t\t\t\t\t\t\t<\/div>\n\t\t\t\t<div class=\"elementor-element elementor-element-248b17c elementor-widget elementor-widget-text-editor\" data-id=\"248b17c\" data-element_type=\"widget\" data-e-type=\"widget\" data-widget_type=\"text-editor.default\">\n\t\t\t\t\t\t\t\t\t<h2>Zastrze\u017cenie<\/h2><p><strong>Odpowiedzialno\u015b\u0107 za tre\u015b\u0107<\/strong><br>Tre\u015b\u0107 naszej strony internetowej zosta\u0142a stworzona z najwy\u017csz\u0105 staranno\u015bci\u0105. Nie mo\u017cemy jednak przyj\u0105\u0107 \u017cadnej odpowiedzialno\u015bci za dok\u0142adno\u015b\u0107, kompletno\u015b\u0107 i aktualno\u015b\u0107 tre\u015bci. Jako dostawca us\u0142ug jeste\u015bmy odpowiedzialni za w\u0142asne tre\u015bci na tych stronach zgodnie z \u00a7 7 (1) TMG (niemiecka ustawa o telemediach) i og\u00f3lnymi przepisami prawa. Zgodnie z \u00a7\u00a7 8 do 10 TMG, jako us\u0142ugodawca nie jeste\u015bmy jednak zobowi\u0105zani do monitorowania przesy\u0142anych lub przechowywanych informacji os\u00f3b trzecich ani do badania okoliczno\u015bci wskazuj\u0105cych na nielegaln\u0105 dzia\u0142alno\u015b\u0107. Nie ma to wp\u0142ywu na obowi\u0105zek usuni\u0119cia lub zablokowania korzystania z informacji zgodnie z og\u00f3lnymi przepisami prawa. Odpowiedzialno\u015b\u0107 w tym zakresie jest jednak mo\u017cliwa dopiero od momentu powzi\u0119cia informacji o konkretnym naruszeniu. Gdy tylko dowiemy si\u0119 o takich naruszeniach, niezw\u0142ocznie usuniemy te tre\u015bci.       <\/p><p><strong>Odpowiedzialno\u015b\u0107 za linki<\/strong><br>Nasza strona internetowa zawiera linki do zewn\u0119trznych stron internetowych os\u00f3b trzecich, na kt\u00f3rych tre\u015b\u0107 nie mamy wp\u0142ywu. W zwi\u0105zku z tym nie mo\u017cemy ponosi\u0107 \u017cadnej odpowiedzialno\u015bci za tre\u015bci stron trzecich. Odpowiedni dostawca lub operator stron jest zawsze odpowiedzialny za tre\u015b\u0107 stron, do kt\u00f3rych prowadz\u0105 linki. Po\u0142\u0105czone strony zosta\u0142y sprawdzone pod k\u0105tem mo\u017cliwych narusze\u0144 prawa w momencie \u0142\u0105czenia. Nielegalne tre\u015bci nie zosta\u0142y rozpoznane w momencie linkowania. Sta\u0142e monitorowanie tre\u015bci stron, do kt\u00f3rych prowadz\u0105 linki, nie jest jednak uzasadnione bez konkretnych dowod\u00f3w naruszenia prawa. Je\u015bli dowiemy si\u0119 o jakichkolwiek naruszeniach prawa, natychmiast usuniemy takie linki.      <\/p><p><strong>Prawa autorskie<\/strong><br>Tre\u015bci i dzie\u0142a stworzone przez operator\u00f3w witryn na tych stronach podlegaj\u0105 niemieckiemu prawu autorskiemu. Powielanie, edytowanie, rozpowszechnianie i wszelkiego rodzaju wykorzystywanie poza granicami prawa autorskiego wymaga pisemnej zgody odpowiedniego autora lub tw\u00f3rcy. Pobieranie i kopiowanie tej strony jest dozwolone wy\u0142\u0105cznie do prywatnego, niekomercyjnego u\u017cytku. O ile tre\u015bci na tej stronie nie zosta\u0142y stworzone przez operatora, prawa autorskie os\u00f3b trzecich s\u0105 przestrzegane. W szczeg\u00f3lno\u015bci tre\u015bci os\u00f3b trzecich s\u0105 oznaczone jako takie. Je\u015bli mimo to dowiesz si\u0119 o naruszeniu praw autorskich, poinformuj nas o tym. Je\u015bli dowiemy si\u0119 o jakichkolwiek naruszeniach, niezw\u0142ocznie usuniemy takie tre\u015bci.      <\/p><p><strong>Ochrona danych<\/strong><br>Korzystanie z naszej strony internetowej jest zasadniczo mo\u017cliwe bez podawania danych osobowych. O ile na naszych stronach gromadzone s\u0105 dane osobowe (np. imi\u0119 i nazwisko, adres lub adresy e-mail), odbywa si\u0119 to zawsze w miar\u0119 mo\u017cliwo\u015bci na zasadzie dobrowolno\u015bci. Dane te nie b\u0119d\u0105 przekazywane osobom trzecim bez wyra\u017anej zgody u\u017cytkownika.  <\/p><p>Zwracamy uwag\u0119, \u017ce transmisja danych przez Internet (np. podczas komunikacji za po\u015brednictwem poczty elektronicznej) mo\u017ce podlega\u0107 lukom w zabezpieczeniach. Pe\u0142na ochrona danych przed dost\u0119pem os\u00f3b trzecich nie jest mo\u017cliwa. <\/p><p>Niniejszym wyra\u017anie zabraniamy wykorzystywania danych kontaktowych opublikowanych w ramach obowi\u0105zku nadruku przez osoby trzecie do wysy\u0142ania niezam\u00f3wionych materia\u0142\u00f3w reklamowych i informacyjnych. Operatorzy tej witryny wyra\u017anie zastrzegaj\u0105 sobie prawo do podj\u0119cia krok\u00f3w prawnych w przypadku niezam\u00f3wionego wysy\u0142ania informacji reklamowych, takich jak spam. <\/p>\t\t\t\t\t\t\t\t<\/div>\n\t\t\t\t\t<\/div>\n\t\t<\/div>\n\t\t\t\t\t<\/div>\n\t\t<\/section>\n\t\t\t\t<\/div>\n\t\t","protected":false},"excerpt":{"rendered":"<p>Nadruk vidone GmbH Mindelheimer Stra\u00dfe 86130 SchwazAUSTRIA reprezentowany przez: Andreas Jenewein (Dyrektor Zarz\u0105dzaj\u0105cy) Telefon: AT +43 (0)5242 24 555 | DE +49 (0)89 693 132 06Email: office@vidone.atURL: www.vidone.at Numer rejestracyjny firmy: 654275w LG Innsbruck Numer GISA: 38454899 W\u0142adze: W\u0142adze okr\u0119gowe Schwaz Zastrze\u017cenie Odpowiedzialno\u015b\u0107 za tre\u015b\u0107Tre\u015b\u0107 naszej strony internetowej zosta\u0142a stworzona z najwy\u017csz\u0105 staranno\u015bci\u0105. Nie mo\u017cemy [&hellip;]<\/p>\n","protected":false},"author":1,"featured_media":0,"parent":0,"menu_order":0,"comment_status":"closed","ping_status":"closed","template":"","meta":{"_acf_changed":false,"site-sidebar-layout":"no-sidebar","site-content-layout":"page-builder","ast-site-content-layout":"default","site-content-style":"default","site-sidebar-style":"default","ast-global-header-display":"","ast-banner-title-visibility":"","ast-main-header-display":"","ast-hfb-above-header-display":"","ast-hfb-below-header-display":"","ast-hfb-mobile-header-display":"","site-post-title":"disabled","ast-breadcrumbs-content":"","ast-featured-img":"disabled","footer-sml-layout":"","ast-disable-related-posts":"","theme-transparent-header-meta":"","adv-header-id-meta":"","stick-header-meta":"","header-above-stick-meta":"","header-main-stick-meta":"","header-below-stick-meta":"","astra-migrate-meta-layouts":"default","ast-page-background-enabled":"default","ast-page-background-meta":{"desktop":{"background-color":"var(--ast-global-color-4)","background-image":"","background-repeat":"repeat","background-position":"center center","background-size":"auto","background-attachment":"scroll","background-type":"","background-media":"","overlay-type":"","overlay-color":"","overlay-opacity":"","overlay-gradient":""},"tablet":{"background-color":"","background-image":"","background-repeat":"repeat","background-position":"center center","background-size":"auto","background-attachment":"scroll","background-type":"","background-media":"","overlay-type":"","overlay-color":"","overlay-opacity":"","overlay-gradient":""},"mobile":{"background-color":"","background-image":"","background-repeat":"repeat","background-position":"center center","background-size":"auto","background-attachment":"scroll","background-type":"","background-media":"","overlay-type":"","overlay-color":"","overlay-opacity":"","overlay-gradient":""}},"ast-content-background-meta":{"desktop":{"background-color":"var(--ast-global-color-5)","background-image":"","background-repeat":"repeat","background-position":"center center","background-size":"auto","background-attachment":"scroll","background-type":"","background-media":"","overlay-type":"","overlay-color":"","overlay-opacity":"","overlay-gradient":""},"tablet":{"background-color":"var(--ast-global-color-5)","background-image":"","background-repeat":"repeat","background-position":"center center","background-size":"auto","background-attachment":"scroll","background-type":"","background-media":"","overlay-type":"","overlay-color":"","overlay-opacity":"","overlay-gradient":""},"mobile":{"background-color":"var(--ast-global-color-5)","background-image":"","background-repeat":"repeat","background-position":"center center","background-size":"auto","background-attachment":"scroll","background-type":"","background-media":"","overlay-type":"","overlay-color":"","overlay-opacity":"","overlay-gradient":""}},"footnotes":""},"class_list":["post-4903","page","type-page","status-publish","hentry"],"acf":[],"_links":{"self":[{"href":"https:\/\/vidone.at\/pl\/wp-json\/wp\/v2\/pages\/4903","targetHints":{"allow":["GET"]}}],"collection":[{"href":"https:\/\/vidone.at\/pl\/wp-json\/wp\/v2\/pages"}],"about":[{"href":"https:\/\/vidone.at\/pl\/wp-json\/wp\/v2\/types\/page"}],"author":[{"embeddable":true,"href":"https:\/\/vidone.at\/pl\/wp-json\/wp\/v2\/users\/1"}],"replies":[{"embeddable":true,"href":"https:\/\/vidone.at\/pl\/wp-json\/wp\/v2\/comments?post=4903"}],"version-history":[{"count":4,"href":"https:\/\/vidone.at\/pl\/wp-json\/wp\/v2\/pages\/4903\/revisions"}],"predecessor-version":[{"id":5628,"href":"https:\/\/vidone.at\/pl\/wp-json\/wp\/v2\/pages\/4903\/revisions\/5628"}],"wp:attachment":[{"href":"https:\/\/vidone.at\/pl\/wp-json\/wp\/v2\/media?parent=4903"}],"curies":[{"name":"wp","href":"https:\/\/api.w.org\/{rel}","templated":true}]}}