{"id":4906,"date":"2021-12-07T17:02:21","date_gmt":"2021-12-07T16:02:21","guid":{"rendered":"https:\/\/vidone.de\/projekty\/"},"modified":"2024-10-04T14:32:30","modified_gmt":"2024-10-04T12:32:30","slug":"projekty","status":"publish","type":"page","link":"https:\/\/vidone.at\/pl\/projekty\/","title":{"rendered":"Projekty"},"content":{"rendered":"\t\t<div data-elementor-type=\"wp-page\" data-elementor-id=\"4906\" class=\"elementor elementor-4906 elementor-880\" data-elementor-post-type=\"page\">\n\t\t\t\t\t\t<section class=\"elementor-section elementor-top-section elementor-element elementor-element-18b1c74 elementor-section-boxed elementor-section-height-default elementor-section-height-default\" data-id=\"18b1c74\" data-element_type=\"section\" data-e-type=\"section\" data-settings=\"{&quot;background_background&quot;:&quot;gradient&quot;}\">\n\t\t\t\t\t\t<div class=\"elementor-container elementor-column-gap-default\">\n\t\t\t\t\t<div class=\"elementor-column elementor-col-100 elementor-top-column elementor-element elementor-element-e7af871\" data-id=\"e7af871\" data-element_type=\"column\" data-e-type=\"column\">\n\t\t\t<div class=\"elementor-widget-wrap elementor-element-populated\">\n\t\t\t\t\t\t<div class=\"elementor-element elementor-element-1b2fffc elementor-widget elementor-widget-heading\" data-id=\"1b2fffc\" data-element_type=\"widget\" data-e-type=\"widget\" data-widget_type=\"heading.default\">\n\t\t\t\t\t<h1 class=\"elementor-heading-title elementor-size-default\">projekty vidone<\/h1>\t\t\t\t<\/div>\n\t\t\t\t\t<\/div>\n\t\t<\/div>\n\t\t\t\t\t<\/div>\n\t\t<\/section>\n\t\t\t\t<section class=\"elementor-section elementor-top-section elementor-element elementor-element-33ea1c0 elementor-reverse-mobile elementor-section-boxed elementor-section-height-default elementor-section-height-default\" data-id=\"33ea1c0\" data-element_type=\"section\" data-e-type=\"section\">\n\t\t\t\t\t\t<div class=\"elementor-container elementor-column-gap-default\">\n\t\t\t\t\t<div class=\"elementor-column elementor-col-100 elementor-top-column elementor-element elementor-element-29831c6\" data-id=\"29831c6\" data-element_type=\"column\" data-e-type=\"column\">\n\t\t\t<div class=\"elementor-widget-wrap elementor-element-populated\">\n\t\t\t\t\t\t<div class=\"elementor-element elementor-element-39ed796 uael-post__link-complete-yes elementor-widget elementor-widget-uael-posts\" data-id=\"39ed796\" data-element_type=\"widget\" data-e-type=\"widget\" data-settings=\"{&quot;classic_slides_to_show_tablet&quot;:3,&quot;classic_slides_to_show&quot;:3,&quot;classic_slides_to_show_mobile&quot;:1,&quot;classic_pagination_type&quot;:&quot;ajax&quot;,&quot;classic_show_filters&quot;:&quot;no&quot;}\" data-widget_type=\"uael-posts.classic\">\n\t\t\t\t<div class=\"elementor-widget-container\">\n\t\t\t\t\t\t\t<div class=\"uael-post__header\">\n\t\t\t\t\t<\/div>\n\t\t<div class=\"uael-post__body\">\n\t\t\t\n\t\t\n\t\t<div class=\"uael-blog-terms-position- uael-post-image-top uael-post-grid uael-posts\" data-query-type=\"custom\" data-structure=\"masonry\" data-layout=\"masonry\" data-page=\"4906\" data-skin=\"classic\" data-filter-default=\"\" data-offset-top=\"30\" >\n\n\t\t\t\t\t\t\t<div class=\"uael-post-grid__inner uael-post__columns-3 uael-post__columns-tablet-3 uael-post__columns-mobile-1 uael-post-masonry\">\n\t\t\t\n<div class=\"uael-post-wrapper   projekty \">\n\t<div class=\"uael-post__bg-wrap uael-bg-wrap-disabled \">\n\n\t\t\t\t\t<a href=\"https:\/\/vidone.at\/pl\/doradztwo-kim-avatar-rozpoczyna-sie-w-sparkasse-zu-luebeck\/\" target=\"_self\" class=\"uael-post__complete-box-overlay\" aria-label=\"Link Complete Box\"><\/a>\n\t\t\t\t\n\t\t<div class=\"uael-post__inner-wrap uael-inner-wrap-disabled\">\n\n\t\t\t\t<div class=\"uael-post__thumbnail\">\n\t\t\t\n\t\t\t<a href=\"https:\/\/vidone.at\/pl\/doradztwo-kim-avatar-rozpoczyna-sie-w-sparkasse-zu-luebeck\/\" target=\"_self\" title=\"Doradztwo Kim Avatar rozpoczyna si\u0119 w Sparkasse zu L\u00fcbeck\"><img fetchpriority=\"high\" decoding=\"async\" width=\"1080\" height=\"1440\" src=\"https:\/\/vidone.at\/wp-content\/uploads\/2024\/04\/IMG_3819-rotated.jpg\" class=\"attachment-full size-full wp-image-4796\" alt=\"\" srcset=\"https:\/\/vidone.at\/wp-content\/uploads\/2024\/04\/IMG_3819-rotated.jpg 1080w, https:\/\/vidone.at\/wp-content\/uploads\/2024\/04\/IMG_3819-225x300.jpg 225w, https:\/\/vidone.at\/wp-content\/uploads\/2024\/04\/IMG_3819-768x1024.jpg 768w\" sizes=\"(max-width: 1080px) 100vw, 1080px\" \/><\/a>\n\t\t\t\t\t<\/div>\n\t\t\n\t\t\t\n\t\t\t<div class=\"uael-post__content-wrap uael-content-wrap-disabled\">\n\t\t\t\t\t<h3 class=\"uael-post__title\">\n\n\t\t\n\t\t\t\t\t\t<a href=\"https:\/\/vidone.at\/pl\/doradztwo-kim-avatar-rozpoczyna-sie-w-sparkasse-zu-luebeck\/\" target=\"_self\">\n\t\t\t\tDoradztwo Kim Avatar rozpoczyna si\u0119 w Sparkasse zu L\u00fcbeck\t\t\t<\/a>\n\n\t\t\t\t<\/h3>\n\t\t\t\t\t<\/div>\n\t\t\t\n\t\t<\/div>\n\t\t\n\t<\/div>\n\n<\/div>\n\n<div class=\"uael-post-wrapper   projekty \">\n\t<div class=\"uael-post__bg-wrap uael-bg-wrap-disabled \">\n\n\t\t\t\t\t<a href=\"https:\/\/vidone.at\/pl\/konsultacje-wideo-toni-w-btv-ag-teraz-takze-w-pokojach-konsultacyjnych\/\" target=\"_self\" class=\"uael-post__complete-box-overlay\" aria-label=\"Link Complete Box\"><\/a>\n\t\t\t\t\n\t\t<div class=\"uael-post__inner-wrap uael-inner-wrap-disabled\">\n\n\t\t\t\t<div class=\"uael-post__thumbnail\">\n\t\t\t\n\t\t\t<a href=\"https:\/\/vidone.at\/pl\/konsultacje-wideo-toni-w-btv-ag-teraz-takze-w-pokojach-konsultacyjnych\/\" target=\"_self\" title=\"Konsultacje wideo Toni w BTV AG teraz tak\u017ce w pokojach konsultacyjnych\"><img decoding=\"async\" width=\"1440\" height=\"1080\" src=\"https:\/\/vidone.at\/wp-content\/uploads\/2024\/01\/c97c3845-9835-481e-a37b-7297a54ec5a2.jpg\" class=\"attachment-full size-full wp-image-4790\" alt=\"\" srcset=\"https:\/\/vidone.at\/wp-content\/uploads\/2024\/01\/c97c3845-9835-481e-a37b-7297a54ec5a2.jpg 1440w, https:\/\/vidone.at\/wp-content\/uploads\/2024\/01\/c97c3845-9835-481e-a37b-7297a54ec5a2-300x225.jpg 300w, https:\/\/vidone.at\/wp-content\/uploads\/2024\/01\/c97c3845-9835-481e-a37b-7297a54ec5a2-1024x768.jpg 1024w, https:\/\/vidone.at\/wp-content\/uploads\/2024\/01\/c97c3845-9835-481e-a37b-7297a54ec5a2-768x576.jpg 768w\" sizes=\"(max-width: 1440px) 100vw, 1440px\" \/><\/a>\n\t\t\t\t\t<\/div>\n\t\t\n\t\t\t\n\t\t\t<div class=\"uael-post__content-wrap uael-content-wrap-disabled\">\n\t\t\t\t\t<h3 class=\"uael-post__title\">\n\n\t\t\n\t\t\t\t\t\t<a href=\"https:\/\/vidone.at\/pl\/konsultacje-wideo-toni-w-btv-ag-teraz-takze-w-pokojach-konsultacyjnych\/\" target=\"_self\">\n\t\t\t\tKonsultacje wideo Toni w BTV AG teraz tak\u017ce w pokojach konsultacyjnych\t\t\t<\/a>\n\n\t\t\t\t<\/h3>\n\t\t\t\t\t<\/div>\n\t\t\t\n\t\t<\/div>\n\t\t\n\t<\/div>\n\n<\/div>\n\n<div class=\"uael-post-wrapper   projekty \">\n\t<div class=\"uael-post__bg-wrap uael-bg-wrap-disabled \">\n\n\t\t\t\t\t<a href=\"https:\/\/vidone.at\/pl\/btv-ag-uruchamia-doradztwo-wideo-toni-w-bregencji\/\" target=\"_self\" class=\"uael-post__complete-box-overlay\" aria-label=\"Link Complete Box\"><\/a>\n\t\t\t\t\n\t\t<div class=\"uael-post__inner-wrap uael-inner-wrap-disabled\">\n\n\t\t\t\t<div class=\"uael-post__thumbnail\">\n\t\t\t\n\t\t\t<a href=\"https:\/\/vidone.at\/pl\/btv-ag-uruchamia-doradztwo-wideo-toni-w-bregencji\/\" target=\"_self\" title=\"BTV AG uruchamia doradztwo wideo Toni w Bregencji\"><img decoding=\"async\" width=\"810\" height=\"1080\" src=\"https:\/\/vidone.at\/wp-content\/uploads\/2024\/01\/IMG_0905.jpeg\" class=\"attachment-full size-full wp-image-4788\" alt=\"\" srcset=\"https:\/\/vidone.at\/wp-content\/uploads\/2024\/01\/IMG_0905.jpeg 810w, https:\/\/vidone.at\/wp-content\/uploads\/2024\/01\/IMG_0905-225x300.jpeg 225w, https:\/\/vidone.at\/wp-content\/uploads\/2024\/01\/IMG_0905-768x1024.jpeg 768w\" sizes=\"(max-width: 810px) 100vw, 810px\" \/><\/a>\n\t\t\t\t\t<\/div>\n\t\t\n\t\t\t\n\t\t\t<div class=\"uael-post__content-wrap uael-content-wrap-disabled\">\n\t\t\t\t\t<h3 class=\"uael-post__title\">\n\n\t\t\n\t\t\t\t\t\t<a href=\"https:\/\/vidone.at\/pl\/btv-ag-uruchamia-doradztwo-wideo-toni-w-bregencji\/\" target=\"_self\">\n\t\t\t\tBTV AG uruchamia doradztwo wideo Toni w Bregencji\t\t\t<\/a>\n\n\t\t\t\t<\/h3>\n\t\t\t\t\t<\/div>\n\t\t\t\n\t\t<\/div>\n\t\t\n\t<\/div>\n\n<\/div>\n\n<div class=\"uael-post-wrapper   projekty \">\n\t<div class=\"uael-post__bg-wrap uael-bg-wrap-disabled \">\n\n\t\t\t\t\t<a href=\"https:\/\/vidone.at\/pl\/elsa-rozpoczyna-dzialalnosc-w-stadtsparkasse-duesseldorf\/\" target=\"_self\" class=\"uael-post__complete-box-overlay\" aria-label=\"Link Complete Box\"><\/a>\n\t\t\t\t\n\t\t<div class=\"uael-post__inner-wrap uael-inner-wrap-disabled\">\n\n\t\t\t\t<div class=\"uael-post__thumbnail\">\n\t\t\t\n\t\t\t<a href=\"https:\/\/vidone.at\/pl\/elsa-rozpoczyna-dzialalnosc-w-stadtsparkasse-duesseldorf\/\" target=\"_self\" title=\"ELSA rozpoczyna dzia\u0142alno\u015b\u0107 w Stadtsparkasse D\u00fcsseldorf\"><img loading=\"lazy\" decoding=\"async\" width=\"810\" height=\"1080\" src=\"https:\/\/vidone.at\/wp-content\/uploads\/2023\/05\/36d4aaa2-963c-4d5f-bfe1-c8823eaf3175.jpg\" class=\"attachment-full size-full wp-image-4786\" alt=\"\" srcset=\"https:\/\/vidone.at\/wp-content\/uploads\/2023\/05\/36d4aaa2-963c-4d5f-bfe1-c8823eaf3175.jpg 810w, https:\/\/vidone.at\/wp-content\/uploads\/2023\/05\/36d4aaa2-963c-4d5f-bfe1-c8823eaf3175-225x300.jpg 225w, https:\/\/vidone.at\/wp-content\/uploads\/2023\/05\/36d4aaa2-963c-4d5f-bfe1-c8823eaf3175-768x1024.jpg 768w\" sizes=\"(max-width: 810px) 100vw, 810px\" \/><\/a>\n\t\t\t\t\t<\/div>\n\t\t\n\t\t\t\n\t\t\t<div class=\"uael-post__content-wrap uael-content-wrap-disabled\">\n\t\t\t\t\t<h3 class=\"uael-post__title\">\n\n\t\t\n\t\t\t\t\t\t<a href=\"https:\/\/vidone.at\/pl\/elsa-rozpoczyna-dzialalnosc-w-stadtsparkasse-duesseldorf\/\" target=\"_self\">\n\t\t\t\tELSA rozpoczyna dzia\u0142alno\u015b\u0107 w Stadtsparkasse D\u00fcsseldorf\t\t\t<\/a>\n\n\t\t\t\t<\/h3>\n\t\t\t\t\t<\/div>\n\t\t\t\n\t\t<\/div>\n\t\t\n\t<\/div>\n\n<\/div>\n\n<div class=\"uael-post-wrapper   projekty \">\n\t<div class=\"uael-post__bg-wrap uael-bg-wrap-disabled \">\n\n\t\t\t\t\t<a href=\"https:\/\/vidone.at\/pl\/rk-ulten-startuje-z-usluga-wideo-lis\/\" target=\"_self\" class=\"uael-post__complete-box-overlay\" aria-label=\"Link Complete Box\"><\/a>\n\t\t\t\t\n\t\t<div class=\"uael-post__inner-wrap uael-inner-wrap-disabled\">\n\n\t\t\t\t<div class=\"uael-post__thumbnail\">\n\t\t\t\n\t\t\t<a href=\"https:\/\/vidone.at\/pl\/rk-ulten-startuje-z-usluga-wideo-lis\/\" target=\"_self\" title=\"RK Ulten startuje z us\u0142ug\u0105 wideo LIS\"><img loading=\"lazy\" decoding=\"async\" width=\"1440\" height=\"1080\" src=\"https:\/\/vidone.at\/wp-content\/uploads\/2023\/05\/DSC01949.jpg\" class=\"attachment-full size-full wp-image-4792\" alt=\"\" srcset=\"https:\/\/vidone.at\/wp-content\/uploads\/2023\/05\/DSC01949.jpg 1440w, https:\/\/vidone.at\/wp-content\/uploads\/2023\/05\/DSC01949-300x225.jpg 300w, https:\/\/vidone.at\/wp-content\/uploads\/2023\/05\/DSC01949-1024x768.jpg 1024w, https:\/\/vidone.at\/wp-content\/uploads\/2023\/05\/DSC01949-768x576.jpg 768w\" sizes=\"(max-width: 1440px) 100vw, 1440px\" \/><\/a>\n\t\t\t\t\t<\/div>\n\t\t\n\t\t\t\n\t\t\t<div class=\"uael-post__content-wrap uael-content-wrap-disabled\">\n\t\t\t\t\t<h3 class=\"uael-post__title\">\n\n\t\t\n\t\t\t\t\t\t<a href=\"https:\/\/vidone.at\/pl\/rk-ulten-startuje-z-usluga-wideo-lis\/\" target=\"_self\">\n\t\t\t\tRK Ulten startuje z us\u0142ug\u0105 wideo LIS\t\t\t<\/a>\n\n\t\t\t\t<\/h3>\n\t\t\t\t\t<\/div>\n\t\t\t\n\t\t<\/div>\n\t\t\n\t<\/div>\n\n<\/div>\n\n<div class=\"uael-post-wrapper   projekty \">\n\t<div class=\"uael-post__bg-wrap uael-bg-wrap-disabled \">\n\n\t\t\t\t\t<a href=\"https:\/\/vidone.at\/pl\/sisy-startuje-w-poludniowo-zachodnim-palatynacie\/\" target=\"_self\" class=\"uael-post__complete-box-overlay\" aria-label=\"Link Complete Box\"><\/a>\n\t\t\t\t\n\t\t<div class=\"uael-post__inner-wrap uael-inner-wrap-disabled\">\n\n\t\t\t\t<div class=\"uael-post__thumbnail\">\n\t\t\t\n\t\t\t<a href=\"https:\/\/vidone.at\/pl\/sisy-startuje-w-poludniowo-zachodnim-palatynacie\/\" target=\"_self\" title=\"SISy startuje w po\u0142udniowo-zachodnim Palatynacie\"><img loading=\"lazy\" decoding=\"async\" width=\"810\" height=\"1080\" src=\"https:\/\/vidone.at\/wp-content\/uploads\/2022\/03\/IMG_8300.jpeg\" class=\"attachment-full size-full wp-image-4712\" alt=\"\" srcset=\"https:\/\/vidone.at\/wp-content\/uploads\/2022\/03\/IMG_8300.jpeg 810w, https:\/\/vidone.at\/wp-content\/uploads\/2022\/03\/IMG_8300-225x300.jpeg 225w, https:\/\/vidone.at\/wp-content\/uploads\/2022\/03\/IMG_8300-768x1024.jpeg 768w\" sizes=\"(max-width: 810px) 100vw, 810px\" \/><\/a>\n\t\t\t\t\t<\/div>\n\t\t\n\t\t\t\n\t\t\t<div class=\"uael-post__content-wrap uael-content-wrap-disabled\">\n\t\t\t\t\t<h3 class=\"uael-post__title\">\n\n\t\t\n\t\t\t\t\t\t<a href=\"https:\/\/vidone.at\/pl\/sisy-startuje-w-poludniowo-zachodnim-palatynacie\/\" target=\"_self\">\n\t\t\t\tSISy startuje w po\u0142udniowo-zachodnim Palatynacie\t\t\t<\/a>\n\n\t\t\t\t<\/h3>\n\t\t\t\t\t<\/div>\n\t\t\t\n\t\t<\/div>\n\t\t\n\t<\/div>\n\n<\/div>\n\n<div class=\"uael-post-wrapper   projekty \">\n\t<div class=\"uael-post__bg-wrap uael-bg-wrap-disabled \">\n\n\t\t\t\t\t<a href=\"https:\/\/vidone.at\/pl\/rk-eisacktal-kolejnym-bankiem-z-usluga-wideo-ines\/\" target=\"_self\" class=\"uael-post__complete-box-overlay\" aria-label=\"Link Complete Box\"><\/a>\n\t\t\t\t\n\t\t<div class=\"uael-post__inner-wrap uael-inner-wrap-disabled\">\n\n\t\t\t\t<div class=\"uael-post__thumbnail\">\n\t\t\t\n\t\t\t<a href=\"https:\/\/vidone.at\/pl\/rk-eisacktal-kolejnym-bankiem-z-usluga-wideo-ines\/\" target=\"_self\" title=\"RK Eisacktal kolejnym bankiem z us\u0142ug\u0105 wideo INES\"><img loading=\"lazy\" decoding=\"async\" width=\"810\" height=\"1080\" src=\"https:\/\/vidone.at\/wp-content\/uploads\/2022\/03\/IMG_8129.jpeg\" class=\"attachment-full size-full wp-image-4680\" alt=\"\" srcset=\"https:\/\/vidone.at\/wp-content\/uploads\/2022\/03\/IMG_8129.jpeg 810w, https:\/\/vidone.at\/wp-content\/uploads\/2022\/03\/IMG_8129-225x300.jpeg 225w, https:\/\/vidone.at\/wp-content\/uploads\/2022\/03\/IMG_8129-768x1024.jpeg 768w\" sizes=\"(max-width: 810px) 100vw, 810px\" \/><\/a>\n\t\t\t\t\t<\/div>\n\t\t\n\t\t\t\n\t\t\t<div class=\"uael-post__content-wrap uael-content-wrap-disabled\">\n\t\t\t\t\t<h3 class=\"uael-post__title\">\n\n\t\t\n\t\t\t\t\t\t<a href=\"https:\/\/vidone.at\/pl\/rk-eisacktal-kolejnym-bankiem-z-usluga-wideo-ines\/\" target=\"_self\">\n\t\t\t\tRK Eisacktal kolejnym bankiem z us\u0142ug\u0105 wideo INES\t\t\t<\/a>\n\n\t\t\t\t<\/h3>\n\t\t\t\t\t<\/div>\n\t\t\t\n\t\t<\/div>\n\t\t\n\t<\/div>\n\n<\/div>\n\n<div class=\"uael-post-wrapper   projekty \">\n\t<div class=\"uael-post__bg-wrap uael-bg-wrap-disabled \">\n\n\t\t\t\t\t<a href=\"https:\/\/vidone.at\/pl\/raiffeisen-sektor-poludniowy-tyrol-testuje-ines-z-oprogramowaniem-benova\/\" target=\"_self\" class=\"uael-post__complete-box-overlay\" aria-label=\"Link Complete Box\"><\/a>\n\t\t\t\t\n\t\t<div class=\"uael-post__inner-wrap uael-inner-wrap-disabled\">\n\n\t\t\t\t<div class=\"uael-post__thumbnail\">\n\t\t\t\n\t\t\t<a href=\"https:\/\/vidone.at\/pl\/raiffeisen-sektor-poludniowy-tyrol-testuje-ines-z-oprogramowaniem-benova\/\" target=\"_self\" title=\"Raiffeisen sektor Po\u0142udniowy Tyrol testuje INES z oprogramowaniem Benova\"><img loading=\"lazy\" decoding=\"async\" width=\"405\" height=\"124\" src=\"https:\/\/vidone.at\/wp-content\/uploads\/2022\/03\/Download.png\" class=\"attachment-full size-full wp-image-4670\" alt=\"\" srcset=\"https:\/\/vidone.at\/wp-content\/uploads\/2022\/03\/Download.png 405w, https:\/\/vidone.at\/wp-content\/uploads\/2022\/03\/Download-300x92.png 300w\" sizes=\"(max-width: 405px) 100vw, 405px\" \/><\/a>\n\t\t\t\t\t<\/div>\n\t\t\n\t\t\t\n\t\t\t<div class=\"uael-post__content-wrap uael-content-wrap-disabled\">\n\t\t\t\t\t<h3 class=\"uael-post__title\">\n\n\t\t\n\t\t\t\t\t\t<a href=\"https:\/\/vidone.at\/pl\/raiffeisen-sektor-poludniowy-tyrol-testuje-ines-z-oprogramowaniem-benova\/\" target=\"_self\">\n\t\t\t\tRaiffeisen sektor Po\u0142udniowy Tyrol testuje INES z oprogramowaniem Benova\t\t\t<\/a>\n\n\t\t\t\t<\/h3>\n\t\t\t\t\t<\/div>\n\t\t\t\n\t\t<\/div>\n\t\t\n\t<\/div>\n\n<\/div>\n\n<div class=\"uael-post-wrapper   projekty \">\n\t<div class=\"uael-post__bg-wrap uael-bg-wrap-disabled \">\n\n\t\t\t\t\t<a href=\"https:\/\/vidone.at\/pl\/raiffeisenkasse-lana-uruchamia-usluge-wideo-iris\/\" target=\"_self\" class=\"uael-post__complete-box-overlay\" aria-label=\"Link Complete Box\"><\/a>\n\t\t\t\t\n\t\t<div class=\"uael-post__inner-wrap uael-inner-wrap-disabled\">\n\n\t\t\t\t<div class=\"uael-post__thumbnail\">\n\t\t\t\n\t\t\t<a href=\"https:\/\/vidone.at\/pl\/raiffeisenkasse-lana-uruchamia-usluge-wideo-iris\/\" target=\"_self\" title=\"Raiffeisenkasse Lana uruchamia us\u0142ug\u0119 wideo IRIS\"><img loading=\"lazy\" decoding=\"async\" width=\"810\" height=\"1080\" src=\"https:\/\/vidone.at\/wp-content\/uploads\/2022\/03\/IMG_7529.jpeg\" class=\"attachment-full size-full wp-image-4682\" alt=\"\" srcset=\"https:\/\/vidone.at\/wp-content\/uploads\/2022\/03\/IMG_7529.jpeg 810w, https:\/\/vidone.at\/wp-content\/uploads\/2022\/03\/IMG_7529-225x300.jpeg 225w, https:\/\/vidone.at\/wp-content\/uploads\/2022\/03\/IMG_7529-768x1024.jpeg 768w\" sizes=\"(max-width: 810px) 100vw, 810px\" \/><\/a>\n\t\t\t\t\t<\/div>\n\t\t\n\t\t\t\n\t\t\t<div class=\"uael-post__content-wrap uael-content-wrap-disabled\">\n\t\t\t\t\t<h3 class=\"uael-post__title\">\n\n\t\t\n\t\t\t\t\t\t<a href=\"https:\/\/vidone.at\/pl\/raiffeisenkasse-lana-uruchamia-usluge-wideo-iris\/\" target=\"_self\">\n\t\t\t\tRaiffeisenkasse Lana uruchamia us\u0142ug\u0119 wideo IRIS\t\t\t<\/a>\n\n\t\t\t\t<\/h3>\n\t\t\t\t\t<\/div>\n\t\t\t\n\t\t<\/div>\n\t\t\n\t<\/div>\n\n<\/div>\n\n<div class=\"uael-post-wrapper   projekty \">\n\t<div class=\"uael-post__bg-wrap uael-bg-wrap-disabled \">\n\n\t\t\t\t\t<a href=\"https:\/\/vidone.at\/pl\/sparkasse-leipzig-wybiera-usluge-ines-video-service\/\" target=\"_self\" class=\"uael-post__complete-box-overlay\" aria-label=\"Link Complete Box\"><\/a>\n\t\t\t\t\n\t\t<div class=\"uael-post__inner-wrap uael-inner-wrap-disabled\">\n\n\t\t\t\t<div class=\"uael-post__thumbnail\">\n\t\t\t\n\t\t\t<a href=\"https:\/\/vidone.at\/pl\/sparkasse-leipzig-wybiera-usluge-ines-video-service\/\" target=\"_self\" title=\"Sparkasse Leipzig wybiera us\u0142ug\u0119 INES VIDEO-SERVICE\"><img loading=\"lazy\" decoding=\"async\" width=\"1440\" height=\"1080\" src=\"https:\/\/vidone.at\/wp-content\/uploads\/2022\/03\/IMG_6090.jpeg\" class=\"attachment-full size-full wp-image-4674\" alt=\"\" srcset=\"https:\/\/vidone.at\/wp-content\/uploads\/2022\/03\/IMG_6090.jpeg 1440w, https:\/\/vidone.at\/wp-content\/uploads\/2022\/03\/IMG_6090-300x225.jpeg 300w, https:\/\/vidone.at\/wp-content\/uploads\/2022\/03\/IMG_6090-1024x768.jpeg 1024w, https:\/\/vidone.at\/wp-content\/uploads\/2022\/03\/IMG_6090-768x576.jpeg 768w\" sizes=\"(max-width: 1440px) 100vw, 1440px\" \/><\/a>\n\t\t\t\t\t<\/div>\n\t\t\n\t\t\t\n\t\t\t<div class=\"uael-post__content-wrap uael-content-wrap-disabled\">\n\t\t\t\t\t<h3 class=\"uael-post__title\">\n\n\t\t\n\t\t\t\t\t\t<a href=\"https:\/\/vidone.at\/pl\/sparkasse-leipzig-wybiera-usluge-ines-video-service\/\" target=\"_self\">\n\t\t\t\tSparkasse Leipzig wybiera us\u0142ug\u0119 INES VIDEO-SERVICE\t\t\t<\/a>\n\n\t\t\t\t<\/h3>\n\t\t\t\t\t<\/div>\n\t\t\t\n\t\t<\/div>\n\t\t\n\t<\/div>\n\n<\/div>\n\n<div class=\"uael-post-wrapper   projekty \">\n\t<div class=\"uael-post__bg-wrap uael-bg-wrap-disabled \">\n\n\t\t\t\t\t<a href=\"https:\/\/vidone.at\/pl\/ines-by-rk-bruneck-po-raz-pierwszy-we-wloszech\/\" target=\"_self\" class=\"uael-post__complete-box-overlay\" aria-label=\"Link Complete Box\"><\/a>\n\t\t\t\t\n\t\t<div class=\"uael-post__inner-wrap uael-inner-wrap-disabled\">\n\n\t\t\t\t<div class=\"uael-post__thumbnail\">\n\t\t\t\n\t\t\t<a href=\"https:\/\/vidone.at\/pl\/ines-by-rk-bruneck-po-raz-pierwszy-we-wloszech\/\" target=\"_self\" title=\"INES by RK Bruneck po raz pierwszy we W\u0142oszech\"><img loading=\"lazy\" decoding=\"async\" width=\"600\" height=\"800\" src=\"https:\/\/vidone.at\/wp-content\/uploads\/2021\/12\/K800_IMG_4792.jpg\" class=\"attachment-full size-full wp-image-4474\" alt=\"\" srcset=\"https:\/\/vidone.at\/wp-content\/uploads\/2021\/12\/K800_IMG_4792.jpg 600w, https:\/\/vidone.at\/wp-content\/uploads\/2021\/12\/K800_IMG_4792-225x300.jpg 225w\" sizes=\"(max-width: 600px) 100vw, 600px\" \/><\/a>\n\t\t\t\t\t<\/div>\n\t\t\n\t\t\t\n\t\t\t<div class=\"uael-post__content-wrap uael-content-wrap-disabled\">\n\t\t\t\t\t<h3 class=\"uael-post__title\">\n\n\t\t\n\t\t\t\t\t\t<a href=\"https:\/\/vidone.at\/pl\/ines-by-rk-bruneck-po-raz-pierwszy-we-wloszech\/\" target=\"_self\">\n\t\t\t\tINES by RK Bruneck po raz pierwszy we W\u0142oszech\t\t\t<\/a>\n\n\t\t\t\t<\/h3>\n\t\t\t\t\t<\/div>\n\t\t\t\n\t\t<\/div>\n\t\t\n\t<\/div>\n\n<\/div>\n\t\t\t\t<\/div>\n\t\t\t\t\t\t\n\t\t<\/div>\n\n\t\t\t\t\t\t<\/div>\n\t\t<div class=\"uael-post__footer\">\n\t\t\t\t\t\t<nav class=\"uael-grid-pagination\"  role=\"navigation\" aria-label=\"Pagination\" data-total=\"2\" data-next-page=\"2\">\n\t\t\t\t<span aria-current=\"page\" class=\"page-numbers current\">1<\/span>\n<a class=\"page-numbers\" href=\"https:\/\/vidone.at\/pl\/wp-json\/wp\/v2\/pages\/4906\/page\/2\/\">2<\/a>\n<a class=\"next page-numbers\" href=\"https:\/\/vidone.at\/pl\/wp-json\/wp\/v2\/pages\/4906\/page\/2\/\">Nast\u0119pne &raquo;<\/a>\t\t\t<\/nav>\n\t\t\t\t\t<\/div>\n\t\t\t\t\t\t<\/div>\n\t\t\t\t<\/div>\n\t\t\t\t\t<\/div>\n\t\t<\/div>\n\t\t\t\t\t<\/div>\n\t\t<\/section>\n\t\t\t\t<\/div>\n\t\t","protected":false},"excerpt":{"rendered":"<p>projekty vidone Kim Avatar-Beratung startet in Sparkasse zu L\u00fcbeck Toni Videoberatung bei BTV AG nun auch in Beratungsr\u00e4umen BTV AG startet in Bregenz mit Toni Videoberatung ELSA startet bei Stadtsparkasse D\u00fcsseldorf RK Ulten startet mit LIS Video-Service SISy startet in S\u00fcdwestpfalz durch RK Eisacktal n\u00e4chste Bank mit INES Video-Service Raiffeisensektor S\u00fcdtirol testet INES mit Benova [&hellip;]<\/p>\n","protected":false},"author":1,"featured_media":0,"parent":0,"menu_order":0,"comment_status":"closed","ping_status":"closed","template":"","meta":{"_acf_changed":false,"site-sidebar-layout":"no-sidebar","site-content-layout":"page-builder","ast-site-content-layout":"default","site-content-style":"default","site-sidebar-style":"default","ast-global-header-display":"","ast-banner-title-visibility":"","ast-main-header-display":"","ast-hfb-above-header-display":"","ast-hfb-below-header-display":"","ast-hfb-mobile-header-display":"","site-post-title":"disabled","ast-breadcrumbs-content":"","ast-featured-img":"disabled","footer-sml-layout":"","ast-disable-related-posts":"","theme-transparent-header-meta":"","adv-header-id-meta":"","stick-header-meta":"","header-above-stick-meta":"","header-main-stick-meta":"","header-below-stick-meta":"","astra-migrate-meta-layouts":"default","ast-page-background-enabled":"default","ast-page-background-meta":{"desktop":{"background-color":"var(--ast-global-color-4)","background-image":"","background-repeat":"repeat","background-position":"center center","background-size":"auto","background-attachment":"scroll","background-type":"","background-media":"","overlay-type":"","overlay-color":"","overlay-opacity":"","overlay-gradient":""},"tablet":{"background-color":"","background-image":"","background-repeat":"repeat","background-position":"center center","background-size":"auto","background-attachment":"scroll","background-type":"","background-media":"","overlay-type":"","overlay-color":"","overlay-opacity":"","overlay-gradient":""},"mobile":{"background-color":"","background-image":"","background-repeat":"repeat","background-position":"center center","background-size":"auto","background-attachment":"scroll","background-type":"","background-media":"","overlay-type":"","overlay-color":"","overlay-opacity":"","overlay-gradient":""}},"ast-content-background-meta":{"desktop":{"background-color":"var(--ast-global-color-5)","background-image":"","background-repeat":"repeat","background-position":"center center","background-size":"auto","background-attachment":"scroll","background-type":"","background-media":"","overlay-type":"","overlay-color":"","overlay-opacity":"","overlay-gradient":""},"tablet":{"background-color":"var(--ast-global-color-5)","background-image":"","background-repeat":"repeat","background-position":"center center","background-size":"auto","background-attachment":"scroll","background-type":"","background-media":"","overlay-type":"","overlay-color":"","overlay-opacity":"","overlay-gradient":""},"mobile":{"background-color":"var(--ast-global-color-5)","background-image":"","background-repeat":"repeat","background-position":"center center","background-size":"auto","background-attachment":"scroll","background-type":"","background-media":"","overlay-type":"","overlay-color":"","overlay-opacity":"","overlay-gradient":""}},"footnotes":""},"class_list":["post-4906","page","type-page","status-publish","hentry"],"acf":[],"_links":{"self":[{"href":"https:\/\/vidone.at\/pl\/wp-json\/wp\/v2\/pages\/4906","targetHints":{"allow":["GET"]}}],"collection":[{"href":"https:\/\/vidone.at\/pl\/wp-json\/wp\/v2\/pages"}],"about":[{"href":"https:\/\/vidone.at\/pl\/wp-json\/wp\/v2\/types\/page"}],"author":[{"embeddable":true,"href":"https:\/\/vidone.at\/pl\/wp-json\/wp\/v2\/users\/1"}],"replies":[{"embeddable":true,"href":"https:\/\/vidone.at\/pl\/wp-json\/wp\/v2\/comments?post=4906"}],"version-history":[{"count":1,"href":"https:\/\/vidone.at\/pl\/wp-json\/wp\/v2\/pages\/4906\/revisions"}],"predecessor-version":[{"id":4907,"href":"https:\/\/vidone.at\/pl\/wp-json\/wp\/v2\/pages\/4906\/revisions\/4907"}],"wp:attachment":[{"href":"https:\/\/vidone.at\/pl\/wp-json\/wp\/v2\/media?parent=4906"}],"curies":[{"name":"wp","href":"https:\/\/api.w.org\/{rel}","templated":true}]}}